{"id":9121,"date":"2021-01-20T15:07:30","date_gmt":"2021-01-20T15:07:30","guid":{"rendered":"https:\/\/www.clusteraudiovisual.cat\/ambits-de-treball\/"},"modified":"2025-04-24T16:07:02","modified_gmt":"2025-04-24T14:07:02","slug":"lineas-estrategicas","status":"publish","type":"page","link":"https:\/\/www.clusteraudiovisual.cat\/es\/lineas-estrategicas\/","title":{"rendered":"L\u00cdNEAS ESTRAT\u00c9GICAS"},"content":{"rendered":"\n<style type=\"text\/css\" data-created_by=\"avia_inline_auto\" id=\"style-css-av-av_section-59cf88198115c3f40669c47606c0428d\">\n.avia-section.av-av_section-59cf88198115c3f40669c47606c0428d{\nbackground-color:#f1f5fa;\nbackground-image:unset;\n}\n<\/style>\n<div id='av_section_1'  class='avia-section av-av_section-59cf88198115c3f40669c47606c0428d main_color avia-section-default avia-no-border-styling  avia-builder-el-0  el_before_av_tab_section  avia-builder-el-first  avia-bg-style-scroll av-minimum-height av-minimum-height-custom av-height-custom  container_wrap fullsize'   data-av_minimum_height_px='288'><div class='container av-section-cont-open' style='height:288px'><main  role=\"main\" itemprop=\"mainContentOfPage\"  class='template-page content av-content-full alpha units'><div class='post-entry post-entry-type-page post-entry-9121'><div class='entry-content-wrapper clearfix'>\n\n<style type=\"text\/css\" data-created_by=\"avia_inline_auto\" id=\"style-css-av-av_three_fifth-79ff81c021393065cee878051452f6a6\">\n.flex_column.av-av_three_fifth-79ff81c021393065cee878051452f6a6{\nborder-radius:0px 0px 0px 0px;\npadding:0px 0px 0px 0px;\n}\n<\/style>\n<div  class='flex_column av-av_three_fifth-79ff81c021393065cee878051452f6a6 av_three_fifth  avia-builder-el-1  avia-builder-el-no-sibling  first flex_column_div av-zero-column-padding  '     ><section  class='av_textblock_section av-lkqudt7h-f314b1ff2a57b1cffe29966a08c9aa56 '   itemscope=\"itemscope\" itemtype=\"https:\/\/schema.org\/CreativeWork\" ><div class='avia_textblock'  itemprop=\"text\" ><h1>L\u00cdNEAS ESTRAT\u00c9GICAS<\/h1>\n<p>Las actividades y proyectos impulsados por el Cl\u00faster Audiovisual se engloban en 6 l\u00edneas estrat\u00e9gicas complementarias y que responden a su misi\u00f3n, visi\u00f3n y prop\u00f3sito.<\/p>\n<\/div><\/section><\/div><\/div><\/div><\/main><!-- close content main element --><\/div><\/div><div id='av-tab-section-1'  class='av-tab-section-container entry-content-wrapper main_color av-tab-no-transition   av-tab-above-content  avia-builder-el-3  el_after_av_section  avia-builder-el-last  tab-section-not-first container_wrap fullsize'  ><div class='av-tab-section-outer-container av-av_tab_section-b6cffd3017b01fffd171a48146eedc08'><div class='av-tab-section-tab-title-container avia-tab-title-padding-default' role='tablist'><a href='#referente' data-av-tab-section-title='1' class='av-section-tab-title av-active-tab-title no-scroll av-lkqvd4bc-f51a27dd574af5352695e1e88e8c8bd3 av-tab-no-icon av-tab-no-image ' role='tab' tabindex='0' aria-controls='av-tab-section-1-1'><span class='av-outer-tab-title'><span class='av-inner-tab-title'>REFERENTE<\/span><\/span><span class=\"av-tab-arrow-container\"><span><\/span><\/span><\/a><a href='#dinamizacin' data-av-tab-section-title='2' class='av-section-tab-title  av-lkqvde4l-f251ae8e444c6ac1f2d79a9101bd9dd1 av-tab-no-icon av-tab-no-image ' role='tab' tabindex='0' aria-controls='av-tab-section-1-2'><span class='av-outer-tab-title'><span class='av-inner-tab-title'>DINAMIZACI\u00d3N<\/span><\/span><span class=\"av-tab-arrow-container\"><span><\/span><\/span><\/a><a href='#internacionalizacin' data-av-tab-section-title='3' class='av-section-tab-title  av-lkqvdlsq-6adb541b1efdcaf939c559778e47450a av-tab-no-icon av-tab-no-image ' role='tab' tabindex='0' aria-controls='av-tab-section-1-3'><span class='av-outer-tab-title'><span class='av-inner-tab-title'>INTERNACIONALIZACI\u00d3N<\/span><\/span><span class=\"av-tab-arrow-container\"><span><\/span><\/span><\/a><a href='#inversiones' data-av-tab-section-title='4' class='av-section-tab-title  av-lkqvdr5j-2ec22578157727506627eeb5fe964306 av-tab-no-icon av-tab-no-image ' role='tab' tabindex='0' aria-controls='av-tab-section-1-4'><span class='av-outer-tab-title'><span class='av-inner-tab-title'>INVERSIONES<\/span><\/span><span class=\"av-tab-arrow-container\"><span><\/span><\/span><\/a><a href='#infraestructuras' data-av-tab-section-title='5' class='av-section-tab-title  av-lkqvdwv3-6d0d16a0e9d945156730879f6ab7d39c av-tab-no-icon av-tab-no-image ' role='tab' tabindex='0' aria-controls='av-tab-section-1-5'><span class='av-outer-tab-title'><span class='av-inner-tab-title'>INFRAESTRUCTURAS<\/span><\/span><span class=\"av-tab-arrow-container\"><span><\/span><\/span><\/a><a href='#empoderamiento' data-av-tab-section-title='6' class='av-section-tab-title  av-lkqve459-24071dd0d30a3d98fe7698cb09403a64 av-tab-no-icon av-tab-no-image ' role='tab' tabindex='0' aria-controls='av-tab-section-1-6'><span class='av-outer-tab-title'><span class='av-inner-tab-title'>EMPODERAMIENTO<\/span><\/span><span class=\"av-tab-arrow-container\"><span><\/span><\/span><\/a><\/div><div class='avia-slideshow-arrows av-tabsection-arrow' ><a href='#prev' class='prev-slide av_prev_tab_section av-tab-section-slide avia-svg-icon avia-font-svg_entypo-fontello' data-av_svg_icon='left-open-big' data-av_iconset='svg_entypo-fontello' tabindex='-1' title=\"Anterior\"><svg version=\"1.1\" xmlns=\"http:\/\/www.w3.org\/2000\/svg\" width=\"15\" height=\"32\" viewBox=\"0 0 15 32\" preserveAspectRatio=\"xMidYMid meet\" aria-labelledby='av-svg-title-1' aria-describedby='av-svg-desc-1' role=\"graphics-symbol\" aria-hidden=\"true\">\n<title id='av-svg-title-1'>Anterior<\/title>\n<desc id='av-svg-desc-1'>Anterior<\/desc>\n<path d=\"M14.464 27.84q0.832 0.832 0 1.536-0.832 0.832-1.536 0l-12.544-12.608q-0.768-0.768 0-1.6l12.544-12.608q0.704-0.832 1.536 0 0.832 0.704 0 1.536l-11.456 11.904z\"><\/path>\n<\/svg><span class='avia_hidden_link_text'>Anterior<\/span><\/a><a href='#next' class='next-slide av_next_tab_section av-tab-section-slide avia-svg-icon avia-font-svg_entypo-fontello' data-av_svg_icon='right-open-big' data-av_iconset='svg_entypo-fontello' tabindex='-1' title=\"Posterior\"><svg version=\"1.1\" xmlns=\"http:\/\/www.w3.org\/2000\/svg\" width=\"15\" height=\"32\" viewBox=\"0 0 15 32\" preserveAspectRatio=\"xMidYMid meet\" aria-labelledby='av-svg-title-2' aria-describedby='av-svg-desc-2' role=\"graphics-symbol\" aria-hidden=\"true\">\n<title id='av-svg-title-2'>Posterior<\/title>\n<desc id='av-svg-desc-2'>Posterior<\/desc>\n<path d=\"M0.416 27.84l11.456-11.84-11.456-11.904q-0.832-0.832 0-1.536 0.832-0.832 1.536 0l12.544 12.608q0.768 0.832 0 1.6l-12.544 12.608q-0.704 0.832-1.536 0-0.832-0.704 0-1.536z\"><\/path>\n<\/svg><span class='avia_hidden_link_text'>Posterior<\/span><\/a><\/div><div class='av-tab-section-inner-container avia-section-default' style='width:600vw; left:0%;'><span class=\"av_prev_tab_section av_tab_navigation\"><\/span><span class=\"av_next_tab_section av_tab_navigation\"><\/span>\n\n<style type=\"text\/css\" data-created_by=\"avia_inline_auto\" id=\"style-css-av-lkqvd4bc-f51a27dd574af5352695e1e88e8c8bd3\">\n.av-layout-tab.av-lkqvd4bc-f51a27dd574af5352695e1e88e8c8bd3{\nvertical-align:middle;\n}\n<\/style>\n<div id='av-tab-section-1-1' class='av-layout-tab av-lkqvd4bc-f51a27dd574af5352695e1e88e8c8bd3 av-animation-delay-container  avia-builder-el-4  el_before_av_tab_sub_section  avia-builder-el-first  av-active-tab-content __av_init_open ' data-av-deeplink-tabs=\"\" data-av-tab-section-content=\"1\" data-tab-section-id=\"referente\"><div class=\"av-layout-tab-inner\"><div class=\"container\"><section  class='av_textblock_section av-lkque7ci-bb95374e3fc137f50d576311d1d52249 '   itemscope=\"itemscope\" itemtype=\"https:\/\/schema.org\/CreativeWork\" ><div class='avia_textblock'  itemprop=\"text\" ><h1><strong>REFERENTE<\/strong><\/h1>\n<h2 class=\"gmail_default\">Reforzar y focalizar la influencia del Cl\u00faster<\/h2>\n<\/div><\/section>\n<\/div><\/div><\/div>\n<style type=\"text\/css\" data-created_by=\"avia_inline_auto\" id=\"style-css-av-lkqvde4l-f251ae8e444c6ac1f2d79a9101bd9dd1\">\n.av-layout-tab.av-lkqvde4l-f251ae8e444c6ac1f2d79a9101bd9dd1{\nvertical-align:middle;\n}\n<\/style>\n<div id='av-tab-section-1-2' class='av-layout-tab av-lkqvde4l-f251ae8e444c6ac1f2d79a9101bd9dd1 av-animation-delay-container  avia-builder-el-6  el_after_av_tab_sub_section  el_before_av_tab_sub_section  ' data-av-deeplink-tabs=\"\" data-av-tab-section-content=\"2\" data-tab-section-id=\"dinamizacin\"><div class=\"av-layout-tab-inner\"><div class=\"container\"><section  class='av_textblock_section av-lkquel9u-f20658a81f76af11de9fcae135f8bb13 '   itemscope=\"itemscope\" itemtype=\"https:\/\/schema.org\/CreativeWork\" ><div class='avia_textblock'  itemprop=\"text\" ><h1><strong>DINAMIZACI\u00d3N<\/strong><\/h1>\n<h2 class=\"gmail_default\">Dinamizar la colaboraci\u00f3n generando oportunidades entre los agentes del sector<\/h2>\n<\/div><\/section>\n<\/div><\/div><\/div>\n<style type=\"text\/css\" data-created_by=\"avia_inline_auto\" id=\"style-css-av-lkqvdlsq-6adb541b1efdcaf939c559778e47450a\">\n.av-layout-tab.av-lkqvdlsq-6adb541b1efdcaf939c559778e47450a{\nvertical-align:middle;\n}\n<\/style>\n<div id='av-tab-section-1-3' class='av-layout-tab av-lkqvdlsq-6adb541b1efdcaf939c559778e47450a av-animation-delay-container  avia-builder-el-8  el_after_av_tab_sub_section  el_before_av_tab_sub_section  ' data-av-deeplink-tabs=\"\" data-av-tab-section-content=\"3\" data-tab-section-id=\"internacionalizacin\"><div class=\"av-layout-tab-inner\"><div class=\"container\"><section  class='av_textblock_section av-lkquf0z9-e6f5824ba6777c3f91a432d1a265ca45 '   itemscope=\"itemscope\" itemtype=\"https:\/\/schema.org\/CreativeWork\" ><div class='avia_textblock'  itemprop=\"text\" ><h1><strong>INTERNACIONALIZACI\u00d3N<\/strong><\/h1>\n<h2 class=\"gmail_default\">Impulsar estrategias de internacionalizaci\u00f3n para el audiovisual catal\u00e1n<\/h2>\n<\/div><\/section>\n<\/div><\/div><\/div>\n<style type=\"text\/css\" data-created_by=\"avia_inline_auto\" id=\"style-css-av-lkqvdr5j-2ec22578157727506627eeb5fe964306\">\n.av-layout-tab.av-lkqvdr5j-2ec22578157727506627eeb5fe964306{\nvertical-align:middle;\n}\n<\/style>\n<div id='av-tab-section-1-4' class='av-layout-tab av-lkqvdr5j-2ec22578157727506627eeb5fe964306 av-animation-delay-container  avia-builder-el-10  el_after_av_tab_sub_section  el_before_av_tab_sub_section  ' data-av-deeplink-tabs=\"\" data-av-tab-section-content=\"4\" data-tab-section-id=\"inversiones\"><div class=\"av-layout-tab-inner\"><div class=\"container\"><section  class='av_textblock_section av-lkqufgf1-992efc4be53e20c06328d750f7dd8c09 '   itemscope=\"itemscope\" itemtype=\"https:\/\/schema.org\/CreativeWork\" ><div class='avia_textblock'  itemprop=\"text\" ><h1><strong>INVERSIONES<\/strong><\/h1>\n<h2 class=\"gmail_default\">Atraer inversiones exteriores<\/h2>\n<\/div><\/section>\n<\/div><\/div><\/div>\n<style type=\"text\/css\" data-created_by=\"avia_inline_auto\" id=\"style-css-av-lkqvdwv3-6d0d16a0e9d945156730879f6ab7d39c\">\n.av-layout-tab.av-lkqvdwv3-6d0d16a0e9d945156730879f6ab7d39c{\nvertical-align:middle;\n}\n<\/style>\n<div id='av-tab-section-1-5' class='av-layout-tab av-lkqvdwv3-6d0d16a0e9d945156730879f6ab7d39c av-animation-delay-container  avia-builder-el-12  el_after_av_tab_sub_section  el_before_av_tab_sub_section  ' data-av-deeplink-tabs=\"\" data-av-tab-section-content=\"5\" data-tab-section-id=\"infraestructuras\"><div class=\"av-layout-tab-inner\"><div class=\"container\"><section  class='av_textblock_section av-lkqugnax-3b1a94320c7f0254f9c2c06d87eb97d5 '   itemscope=\"itemscope\" itemtype=\"https:\/\/schema.org\/CreativeWork\" ><div class='avia_textblock'  itemprop=\"text\" ><h1><strong>INFRAESTRUCTURAS<\/strong><\/h1>\n<h2 class=\"gmail_default\">Ser un agente activo, relevante e influyente en el proyecto del Hub Audiovisual y las nuevas iniciativas de infraestructuras, equipamientos y centros audiovisuales<\/h2>\n<\/div><\/section>\n<\/div><\/div><\/div>\n<style type=\"text\/css\" data-created_by=\"avia_inline_auto\" id=\"style-css-av-lkqve459-24071dd0d30a3d98fe7698cb09403a64\">\n.av-layout-tab.av-lkqve459-24071dd0d30a3d98fe7698cb09403a64{\nvertical-align:middle;\n}\n<\/style>\n<div id='av-tab-section-1-6' class='av-layout-tab av-lkqve459-24071dd0d30a3d98fe7698cb09403a64 av-animation-delay-container  avia-builder-el-14  el_after_av_tab_sub_section  avia-builder-el-last  ' data-av-deeplink-tabs=\"\" data-av-tab-section-content=\"6\" data-tab-section-id=\"empoderamiento\"><div class=\"av-layout-tab-inner\"><div class=\"container\"><section  class='av_textblock_section av-lkqujp6w-d22b5a136723924cc1913e85ce9c8cd4 '   itemscope=\"itemscope\" itemtype=\"https:\/\/schema.org\/CreativeWork\" ><div class='avia_textblock'  itemprop=\"text\" ><h1><strong>EMPODERAMIENTO<\/strong><\/h1>\n<h2 class=\"gmail_default\">Excelir en la gobernanza del Cl\u00faster maximizando el valor para los socios<\/h2>\n<\/div><\/section>\n<\/div><\/div><\/div>\n<\/div><\/div><\/div><\/p>\n","protected":false},"excerpt":{"rendered":"","protected":false},"author":1,"featured_media":0,"parent":0,"menu_order":0,"comment_status":"closed","ping_status":"closed","template":"","meta":{"_acf_changed":false,"footnotes":""},"class_list":["post-9121","page","type-page","status-publish","hentry"],"acf":[],"yoast_head":"<!-- This site is optimized with the Yoast SEO plugin v27.0 - https:\/\/yoast.com\/product\/yoast-seo-wordpress\/ -->\n<title>L\u00cdNEAS ESTRAT\u00c9GICAS - Cl\u00faster Audiovisual<\/title>\n<meta name=\"description\" content=\"Las actividades y proyectos impulsados por el Cl\u00faster Audiovisual se engloban en 6 l\u00edneas estrat\u00e9gicas complementarias y que responden a su misi\u00f3n, visi\u00f3n y prop\u00f3sito.\" \/>\n<meta name=\"robots\" content=\"index, follow, max-snippet:-1, max-image-preview:large, max-video-preview:-1\" \/>\n<link rel=\"canonical\" href=\"https:\/\/www.clusteraudiovisual.cat\/es\/lineas-estrategicas\/\" \/>\n<meta property=\"og:locale\" content=\"es_ES\" \/>\n<meta property=\"og:type\" content=\"article\" \/>\n<meta property=\"og:title\" content=\"L\u00cdNEAS ESTRAT\u00c9GICAS - Cl\u00faster Audiovisual\" \/>\n<meta property=\"og:description\" content=\"Las actividades y proyectos impulsados por el Cl\u00faster Audiovisual se engloban en 6 l\u00edneas estrat\u00e9gicas complementarias y que responden a su misi\u00f3n, visi\u00f3n y prop\u00f3sito.\" \/>\n<meta property=\"og:url\" content=\"https:\/\/www.clusteraudiovisual.cat\/es\/lineas-estrategicas\/\" \/>\n<meta property=\"og:site_name\" content=\"Cl\u00faster Audiovisual\" \/>\n<meta property=\"article:modified_time\" content=\"2025-04-24T14:07:02+00:00\" \/>\n<meta name=\"twitter:card\" content=\"summary_large_image\" \/>\n<meta name=\"twitter:label1\" content=\"Tiempo de lectura\" \/>\n\t<meta name=\"twitter:data1\" content=\"1 minuto\" \/>\n<script type=\"application\/ld+json\" class=\"yoast-schema-graph\">{\"@context\":\"https:\/\/schema.org\",\"@graph\":[{\"@type\":\"WebPage\",\"@id\":\"https:\/\/www.clusteraudiovisual.cat\/es\/lineas-estrategicas\/\",\"url\":\"https:\/\/www.clusteraudiovisual.cat\/es\/lineas-estrategicas\/\",\"name\":\"L\u00cdNEAS ESTRAT\u00c9GICAS - Cl\u00faster Audiovisual\",\"isPartOf\":{\"@id\":\"https:\/\/www.clusteraudiovisual.cat\/es\/#website\"},\"datePublished\":\"2021-01-20T15:07:30+00:00\",\"dateModified\":\"2025-04-24T14:07:02+00:00\",\"description\":\"Las actividades y proyectos impulsados por el Cl\u00faster Audiovisual se engloban en 6 l\u00edneas estrat\u00e9gicas complementarias y que responden a su misi\u00f3n, visi\u00f3n y prop\u00f3sito.\",\"inLanguage\":\"es\",\"potentialAction\":[{\"@type\":\"ReadAction\",\"target\":[\"https:\/\/www.clusteraudiovisual.cat\/es\/lineas-estrategicas\/\"]}]},{\"@type\":\"WebSite\",\"@id\":\"https:\/\/www.clusteraudiovisual.cat\/es\/#website\",\"url\":\"https:\/\/www.clusteraudiovisual.cat\/es\/\",\"name\":\"Cl\u00faster Audiovisual\",\"description\":\"Associaci\u00f3 d&#039;empreses que integren el sector audiovisual.\",\"potentialAction\":[{\"@type\":\"SearchAction\",\"target\":{\"@type\":\"EntryPoint\",\"urlTemplate\":\"https:\/\/www.clusteraudiovisual.cat\/es\/?s={search_term_string}\"},\"query-input\":{\"@type\":\"PropertyValueSpecification\",\"valueRequired\":true,\"valueName\":\"search_term_string\"}}],\"inLanguage\":\"es\"}]}<\/script>\n<!-- \/ Yoast SEO plugin. -->","yoast_head_json":{"title":"L\u00cdNEAS ESTRAT\u00c9GICAS - Cl\u00faster Audiovisual","description":"Las actividades y proyectos impulsados por el Cl\u00faster Audiovisual se engloban en 6 l\u00edneas estrat\u00e9gicas complementarias y que responden a su misi\u00f3n, visi\u00f3n y prop\u00f3sito.","robots":{"index":"index","follow":"follow","max-snippet":"max-snippet:-1","max-image-preview":"max-image-preview:large","max-video-preview":"max-video-preview:-1"},"canonical":"https:\/\/www.clusteraudiovisual.cat\/es\/lineas-estrategicas\/","og_locale":"es_ES","og_type":"article","og_title":"L\u00cdNEAS ESTRAT\u00c9GICAS - Cl\u00faster Audiovisual","og_description":"Las actividades y proyectos impulsados por el Cl\u00faster Audiovisual se engloban en 6 l\u00edneas estrat\u00e9gicas complementarias y que responden a su misi\u00f3n, visi\u00f3n y prop\u00f3sito.","og_url":"https:\/\/www.clusteraudiovisual.cat\/es\/lineas-estrategicas\/","og_site_name":"Cl\u00faster Audiovisual","article_modified_time":"2025-04-24T14:07:02+00:00","twitter_card":"summary_large_image","twitter_misc":{"Tiempo de lectura":"1 minuto"},"schema":{"@context":"https:\/\/schema.org","@graph":[{"@type":"WebPage","@id":"https:\/\/www.clusteraudiovisual.cat\/es\/lineas-estrategicas\/","url":"https:\/\/www.clusteraudiovisual.cat\/es\/lineas-estrategicas\/","name":"L\u00cdNEAS ESTRAT\u00c9GICAS - Cl\u00faster Audiovisual","isPartOf":{"@id":"https:\/\/www.clusteraudiovisual.cat\/es\/#website"},"datePublished":"2021-01-20T15:07:30+00:00","dateModified":"2025-04-24T14:07:02+00:00","description":"Las actividades y proyectos impulsados por el Cl\u00faster Audiovisual se engloban en 6 l\u00edneas estrat\u00e9gicas complementarias y que responden a su misi\u00f3n, visi\u00f3n y prop\u00f3sito.","inLanguage":"es","potentialAction":[{"@type":"ReadAction","target":["https:\/\/www.clusteraudiovisual.cat\/es\/lineas-estrategicas\/"]}]},{"@type":"WebSite","@id":"https:\/\/www.clusteraudiovisual.cat\/es\/#website","url":"https:\/\/www.clusteraudiovisual.cat\/es\/","name":"Cl\u00faster Audiovisual","description":"Associaci\u00f3 d&#039;empreses que integren el sector audiovisual.","potentialAction":[{"@type":"SearchAction","target":{"@type":"EntryPoint","urlTemplate":"https:\/\/www.clusteraudiovisual.cat\/es\/?s={search_term_string}"},"query-input":{"@type":"PropertyValueSpecification","valueRequired":true,"valueName":"search_term_string"}}],"inLanguage":"es"}]}},"_links":{"self":[{"href":"https:\/\/www.clusteraudiovisual.cat\/es\/wp-json\/wp\/v2\/pages\/9121","targetHints":{"allow":["GET"]}}],"collection":[{"href":"https:\/\/www.clusteraudiovisual.cat\/es\/wp-json\/wp\/v2\/pages"}],"about":[{"href":"https:\/\/www.clusteraudiovisual.cat\/es\/wp-json\/wp\/v2\/types\/page"}],"author":[{"embeddable":true,"href":"https:\/\/www.clusteraudiovisual.cat\/es\/wp-json\/wp\/v2\/users\/1"}],"replies":[{"embeddable":true,"href":"https:\/\/www.clusteraudiovisual.cat\/es\/wp-json\/wp\/v2\/comments?post=9121"}],"version-history":[{"count":6,"href":"https:\/\/www.clusteraudiovisual.cat\/es\/wp-json\/wp\/v2\/pages\/9121\/revisions"}],"predecessor-version":[{"id":48680,"href":"https:\/\/www.clusteraudiovisual.cat\/es\/wp-json\/wp\/v2\/pages\/9121\/revisions\/48680"}],"wp:attachment":[{"href":"https:\/\/www.clusteraudiovisual.cat\/es\/wp-json\/wp\/v2\/media?parent=9121"}],"curies":[{"name":"wp","href":"https:\/\/api.w.org\/{rel}","templated":true}]}}