{"id":56125,"date":"2026-04-10T13:56:18","date_gmt":"2026-04-10T11:56:18","guid":{"rendered":"https:\/\/www.clusteraudiovisual.cat\/?page_id=56125"},"modified":"2026-04-10T16:50:12","modified_gmt":"2026-04-10T14:50:12","slug":"proyectos-de-innovacion-y-transferencia","status":"publish","type":"page","link":"https:\/\/www.clusteraudiovisual.cat\/es\/proyectos-de-innovacion-y-transferencia\/","title":{"rendered":"Proyectos de innovaci\u00f3n y transferencia"},"content":{"rendered":"\n<style type=\"text\/css\" data-created_by=\"avia_inline_auto\" id=\"style-css-av-2qj9tj1-e4003f7242739c98193e0a9c02d18448\">\n.avia-section.av-2qj9tj1-e4003f7242739c98193e0a9c02d18448{\nbackground-color:#f1f5fa;\nbackground-image:unset;\n}\n<\/style>\n<div id='av_section_1'  class='avia-section av-2qj9tj1-e4003f7242739c98193e0a9c02d18448 main_color avia-section-default avia-no-border-styling  avia-builder-el-0  el_before_av_section  avia-builder-el-first  avia-bg-style-scroll av-minimum-height av-minimum-height-custom av-height-custom  container_wrap fullsize'   data-av_minimum_height_px='288'><div class='container av-section-cont-open' style='height:288px'><main  role=\"main\" itemprop=\"mainContentOfPage\"  class='template-page content av-content-full alpha units'><div class='post-entry post-entry-type-page post-entry-56125'><div class='entry-content-wrapper clearfix'>\n<div  class='flex_column av-1ym1jr1-2006d2e4a3926a718e366e49b13e43f3 av_three_fourth  avia-builder-el-1  avia-builder-el-no-sibling  first flex_column_div  '     ><section  class='av_textblock_section av-1mx1xwd-5cb77aecb222a4dfbddcd331e74bdb95 '   itemscope=\"itemscope\" itemtype=\"https:\/\/schema.org\/CreativeWork\" ><div class='avia_textblock'  itemprop=\"text\" ><h1><span style=\"color: #33485d;\">PROYECTOS DE INNOVACI\u00d3N Y TRANSFERENCIA<\/span><\/h1>\n<p>Des del Cl\u00faster Audiovisual de Catalunya impulsamos proyectos en colaboraci\u00f3n con los socios y otros sectores para potenciar la innovaci\u00f3n y la transferencia de conocimiento en el audiovisual.<\/p>\n<\/div><\/section><\/div><\/div><\/div><\/main><!-- close content main element --><\/div><\/div><div id='av_section_2'  class='avia-section av-10uiz3x-f3ee60449f73969c5ab9aaca08ecb19c main_color avia-section-default avia-no-border-styling  avia-builder-el-3  el_after_av_section  avia-builder-el-last  avia-bg-style-scroll container_wrap fullsize'  ><div class='container av-section-cont-open' ><div class='template-page content av-content-full alpha units'><div class='post-entry post-entry-type-page post-entry-56125'><div class='entry-content-wrapper clearfix'>\n<section  class='av_textblock_section av-w9yri5-28116cb89fff6c117902ad4cb88b1478 '   itemscope=\"itemscope\" itemtype=\"https:\/\/schema.org\/CreativeWork\" ><div class='avia_textblock'  itemprop=\"text\" ><div class=\"container overflow-hidden\"><div id=\"int_prj_list\" class=\"row mb-lg-5 mb-4 g-4\"><div class=\"col-12 col-md-6 col-lg-4 int_prj_list_item\"><div class=\"int_prj_list_item_inner\"><a href=\"https:\/\/www.clusteraudiovisual.cat\/es\/projecte-innovacio\/fomento-de-los-estudios-de-futuro-y-la-prospectiva-estrategica-en-las-empresas-del-sector-audiovisual\/\" class=\"int_prj_item_link\"><\/a><div class=\"clearfix w-100 int_prj_item_img\"><img decoding=\"async\" class=\"d-block img-fluid\" src=\"\" alt=\"Fomento de los estudios de futuro y la prospectiva estrat\u00e9gica en las empresas del sector audiovisual\" \/><\/div><h4 class=\"mt-4 mb-0\">Fomento de los estudios de futuro y la prospectiva estrat\u00e9gica en las empresas del sector audiovisual<\/h4><p class=\"int_prj_item_dates mt-1 mb-3\"><\/p><div class=\"w-100 int_prj_item_intro\"><\/div><p class=\"mt-4\"><a href=\"https:\/\/www.clusteraudiovisual.cat\/es\/projecte-innovacio\/fomento-de-los-estudios-de-futuro-y-la-prospectiva-estrategica-en-las-empresas-del-sector-audiovisual\/\" class=\"int_prj_item_ver\">VEURE M\u00c9S <i class=\"fa-regular fa-circle-right\"><\/i><\/a><\/p><\/div><\/div><div class=\"clearfix w-100\"><\/div><div class=\"paging mt-5 pb-5\"><\/div><\/div><\/div>\n<\/div><\/section>\n<\/p>\n","protected":false},"excerpt":{"rendered":"","protected":false},"author":10,"featured_media":0,"parent":0,"menu_order":0,"comment_status":"closed","ping_status":"closed","template":"","meta":{"_acf_changed":false,"footnotes":""},"class_list":["post-56125","page","type-page","status-publish","hentry"],"acf":[],"yoast_head":"<!-- This site is optimized with the Yoast SEO plugin v27.0 - https:\/\/yoast.com\/product\/yoast-seo-wordpress\/ -->\n<title>Proyectos de innovaci\u00f3n y transferencia - Cl\u00faster Audiovisual<\/title>\n<meta name=\"robots\" content=\"noindex, nofollow\" \/>\n<meta property=\"og:locale\" content=\"es_ES\" \/>\n<meta property=\"og:type\" content=\"article\" \/>\n<meta property=\"og:title\" content=\"Proyectos de innovaci\u00f3n y transferencia - Cl\u00faster Audiovisual\" \/>\n<meta property=\"og:url\" content=\"https:\/\/www.clusteraudiovisual.cat\/es\/proyectos-de-innovacion-y-transferencia\/\" \/>\n<meta property=\"og:site_name\" content=\"Cl\u00faster Audiovisual\" \/>\n<meta property=\"article:modified_time\" content=\"2026-04-10T14:50:12+00:00\" \/>\n<meta name=\"twitter:card\" content=\"summary_large_image\" \/>\n<script type=\"application\/ld+json\" class=\"yoast-schema-graph\">{\"@context\":\"https:\/\/schema.org\",\"@graph\":[{\"@type\":\"WebPage\",\"@id\":\"https:\/\/www.clusteraudiovisual.cat\/es\/proyectos-de-innovacion-y-transferencia\/\",\"url\":\"https:\/\/www.clusteraudiovisual.cat\/es\/proyectos-de-innovacion-y-transferencia\/\",\"name\":\"Proyectos de innovaci\u00f3n y transferencia - Cl\u00faster Audiovisual\",\"isPartOf\":{\"@id\":\"https:\/\/www.clusteraudiovisual.cat\/es\/#website\"},\"datePublished\":\"2026-04-10T11:56:18+00:00\",\"dateModified\":\"2026-04-10T14:50:12+00:00\",\"inLanguage\":\"es\",\"potentialAction\":[{\"@type\":\"ReadAction\",\"target\":[\"https:\/\/www.clusteraudiovisual.cat\/es\/proyectos-de-innovacion-y-transferencia\/\"]}]},{\"@type\":\"WebSite\",\"@id\":\"https:\/\/www.clusteraudiovisual.cat\/es\/#website\",\"url\":\"https:\/\/www.clusteraudiovisual.cat\/es\/\",\"name\":\"Cl\u00faster Audiovisual\",\"description\":\"Associaci\u00f3 d&#039;empreses que integren el sector audiovisual.\",\"potentialAction\":[{\"@type\":\"SearchAction\",\"target\":{\"@type\":\"EntryPoint\",\"urlTemplate\":\"https:\/\/www.clusteraudiovisual.cat\/es\/?s={search_term_string}\"},\"query-input\":{\"@type\":\"PropertyValueSpecification\",\"valueRequired\":true,\"valueName\":\"search_term_string\"}}],\"inLanguage\":\"es\"}]}<\/script>\n<!-- \/ Yoast SEO plugin. -->","yoast_head_json":{"title":"Proyectos de innovaci\u00f3n y transferencia - Cl\u00faster Audiovisual","robots":{"index":"noindex","follow":"nofollow"},"og_locale":"es_ES","og_type":"article","og_title":"Proyectos de innovaci\u00f3n y transferencia - Cl\u00faster Audiovisual","og_url":"https:\/\/www.clusteraudiovisual.cat\/es\/proyectos-de-innovacion-y-transferencia\/","og_site_name":"Cl\u00faster Audiovisual","article_modified_time":"2026-04-10T14:50:12+00:00","twitter_card":"summary_large_image","schema":{"@context":"https:\/\/schema.org","@graph":[{"@type":"WebPage","@id":"https:\/\/www.clusteraudiovisual.cat\/es\/proyectos-de-innovacion-y-transferencia\/","url":"https:\/\/www.clusteraudiovisual.cat\/es\/proyectos-de-innovacion-y-transferencia\/","name":"Proyectos de innovaci\u00f3n y transferencia - Cl\u00faster Audiovisual","isPartOf":{"@id":"https:\/\/www.clusteraudiovisual.cat\/es\/#website"},"datePublished":"2026-04-10T11:56:18+00:00","dateModified":"2026-04-10T14:50:12+00:00","inLanguage":"es","potentialAction":[{"@type":"ReadAction","target":["https:\/\/www.clusteraudiovisual.cat\/es\/proyectos-de-innovacion-y-transferencia\/"]}]},{"@type":"WebSite","@id":"https:\/\/www.clusteraudiovisual.cat\/es\/#website","url":"https:\/\/www.clusteraudiovisual.cat\/es\/","name":"Cl\u00faster Audiovisual","description":"Associaci\u00f3 d&#039;empreses que integren el sector audiovisual.","potentialAction":[{"@type":"SearchAction","target":{"@type":"EntryPoint","urlTemplate":"https:\/\/www.clusteraudiovisual.cat\/es\/?s={search_term_string}"},"query-input":{"@type":"PropertyValueSpecification","valueRequired":true,"valueName":"search_term_string"}}],"inLanguage":"es"}]}},"_links":{"self":[{"href":"https:\/\/www.clusteraudiovisual.cat\/es\/wp-json\/wp\/v2\/pages\/56125","targetHints":{"allow":["GET"]}}],"collection":[{"href":"https:\/\/www.clusteraudiovisual.cat\/es\/wp-json\/wp\/v2\/pages"}],"about":[{"href":"https:\/\/www.clusteraudiovisual.cat\/es\/wp-json\/wp\/v2\/types\/page"}],"author":[{"embeddable":true,"href":"https:\/\/www.clusteraudiovisual.cat\/es\/wp-json\/wp\/v2\/users\/10"}],"replies":[{"embeddable":true,"href":"https:\/\/www.clusteraudiovisual.cat\/es\/wp-json\/wp\/v2\/comments?post=56125"}],"version-history":[{"count":4,"href":"https:\/\/www.clusteraudiovisual.cat\/es\/wp-json\/wp\/v2\/pages\/56125\/revisions"}],"predecessor-version":[{"id":56146,"href":"https:\/\/www.clusteraudiovisual.cat\/es\/wp-json\/wp\/v2\/pages\/56125\/revisions\/56146"}],"wp:attachment":[{"href":"https:\/\/www.clusteraudiovisual.cat\/es\/wp-json\/wp\/v2\/media?parent=56125"}],"curies":[{"name":"wp","href":"https:\/\/api.w.org\/{rel}","templated":true}]}}