{"id":56499,"date":"2026-04-30T11:11:41","date_gmt":"2026-04-30T09:11:41","guid":{"rendered":"https:\/\/www.clusteraudiovisual.cat\/?page_id=56499"},"modified":"2026-04-30T11:11:44","modified_gmt":"2026-04-30T09:11:44","slug":"financial-day","status":"publish","type":"page","link":"https:\/\/www.clusteraudiovisual.cat\/en\/financial-day\/","title":{"rendered":"Audiovisual Financial Day"},"content":{"rendered":"<div id='av_section_1'  class='avia-section av-ca6ywyb-84bf81f64f7599e5210ae36f45d1df77 main_color avia-section-default avia-no-border-styling  avia-builder-el-0  el_before_av_section  avia-builder-el-first  avia-bg-style-scroll container_wrap fullsize'  ><div class='container av-section-cont-open' ><main  role=\"main\" itemprop=\"mainContentOfPage\"  class='template-page content av-content-full alpha units'><div class='post-entry post-entry-type-page post-entry-56499'><div class='entry-content-wrapper clearfix'>\n\n<style type=\"text\/css\" data-created_by=\"avia_inline_auto\" id=\"style-css-av-bpa25cj-52b4f3d33a613945f646874ebe9f86dc\">\n.avia-image-container.av-bpa25cj-52b4f3d33a613945f646874ebe9f86dc img.avia_image{\nbox-shadow:none;\n}\n.avia-image-container.av-bpa25cj-52b4f3d33a613945f646874ebe9f86dc .av-image-caption-overlay-center{\ncolor:#ffffff;\n}\n<\/style>\n<div  class='avia-image-container av-bpa25cj-52b4f3d33a613945f646874ebe9f86dc av-styling- avia-align-center  avia-builder-el-1  el_before_av_hr  avia-builder-el-first '   itemprop=\"image\" itemscope=\"itemscope\" itemtype=\"https:\/\/schema.org\/ImageObject\" ><div class=\"avia-image-container-inner\"><div class=\"avia-image-overlay-wrap\"><img decoding=\"async\" fetchpriority=\"high\" class='wp-image-51323 avia-img-lazy-loading-not-51323 avia_image ' src=\"https:\/\/www.clusteraudiovisual.cat\/wp-content\/uploads\/2025\/09\/FinancialDay_Header.jpg\" alt='' title='FinancialDay_Header'  height=\"400\" width=\"1500\"  itemprop=\"thumbnailUrl\" srcset=\"https:\/\/www.clusteraudiovisual.cat\/wp-content\/uploads\/2025\/09\/FinancialDay_Header.jpg 1500w, https:\/\/www.clusteraudiovisual.cat\/wp-content\/uploads\/2025\/09\/FinancialDay_Header-300x80.jpg 300w, https:\/\/www.clusteraudiovisual.cat\/wp-content\/uploads\/2025\/09\/FinancialDay_Header-1030x275.jpg 1030w, https:\/\/www.clusteraudiovisual.cat\/wp-content\/uploads\/2025\/09\/FinancialDay_Header-768x205.jpg 768w, https:\/\/www.clusteraudiovisual.cat\/wp-content\/uploads\/2025\/09\/FinancialDay_Header-705x188.jpg 705w\" sizes=\"(max-width: 1500px) 100vw, 1500px\" \/><\/div><\/div><\/div>\n\n<style type=\"text\/css\" data-created_by=\"avia_inline_auto\" id=\"style-css-av-b72jwb7-18a05511be6c8e80c995002dad610671\">\n#top .hr.hr-invisible.av-b72jwb7-18a05511be6c8e80c995002dad610671{\nheight:35px;\n}\n<\/style>\n<div  class='hr av-b72jwb7-18a05511be6c8e80c995002dad610671 hr-invisible  avia-builder-el-2  el_after_av_image  el_before_av_one_fifth '><span class='hr-inner '><span class=\"hr-inner-style\"><\/span><\/span><\/div>\n\n<style type=\"text\/css\" data-created_by=\"avia_inline_auto\" id=\"style-css-av-attrz2r-0e8f4cf057ed2b5f6c2cdc039f8476a7\">\n.flex_column.av-attrz2r-0e8f4cf057ed2b5f6c2cdc039f8476a7{\nborder-radius:0px 0px 0px 0px;\npadding:0px 0px 0px 0px;\n}\n<\/style>\n<div  class='flex_column av-attrz2r-0e8f4cf057ed2b5f6c2cdc039f8476a7 av_one_fifth  avia-builder-el-3  el_after_av_hr  el_before_av_three_fifth  first flex_column_div av-zero-column-padding  '     ><\/div>\n<style type=\"text\/css\" data-created_by=\"avia_inline_auto\" id=\"style-css-av-ae08psj-42d7209f0de3ed5a9fd2c9e87a93d17f\">\n.flex_column.av-ae08psj-42d7209f0de3ed5a9fd2c9e87a93d17f{\nborder-radius:0px 0px 0px 0px;\npadding:0px 0px 0px 0px;\n}\n<\/style>\n<div  class='flex_column av-ae08psj-42d7209f0de3ed5a9fd2c9e87a93d17f av_three_fifth  avia-builder-el-4  el_after_av_one_fifth  el_before_av_one_fifth  flex_column_div av-zero-column-padding  '     ><section  class='av_textblock_section av-9y5eaz7-65b24b4b39670cc84d8a3c02ba020e56 '   itemscope=\"itemscope\" itemtype=\"https:\/\/schema.org\/CreativeWork\" ><div class='avia_textblock'  itemprop=\"text\" ><h2 style=\"text-align: center;\"><span style=\"color: #0200e7;\">AUDIOVISUAL <\/span><span style=\"color: #0200e7;\">FINANCIAL DAY<\/span><\/h2>\n<h2 style=\"text-align: center;\"><span style=\"color: #0200e7;\">\u00a0<\/span><\/h2>\n<\/div><\/section><br \/>\n\n<style type=\"text\/css\" data-created_by=\"avia_inline_auto\" id=\"style-css-av-9gh6hxv-3dd5d9f9b17852203c060670056aa38f\">\n#top .hr.hr-invisible.av-9gh6hxv-3dd5d9f9b17852203c060670056aa38f{\nheight:20px;\n}\n<\/style>\n<div  class='hr av-9gh6hxv-3dd5d9f9b17852203c060670056aa38f hr-invisible  avia-builder-el-6  el_after_av_textblock  el_before_av_textblock '><span class='hr-inner '><span class=\"hr-inner-style\"><\/span><\/span><\/div><br \/>\n<section  class='av_textblock_section av-95nzfsj-33c5e2ca5f829b207b698b432b296dc4 '   itemscope=\"itemscope\" itemtype=\"https:\/\/schema.org\/CreativeWork\" ><div class='avia_textblock'  itemprop=\"text\" ><h5 style=\"text-align: center;\">The Audiovisual Financial Day is the major annual meeting aimed at publicizing the main financing sources aimed at the entire value chain of the audiovisual sector.<\/h5>\n<h5 style=\"text-align: center;\"><br class=\"avia-permanent-lb\" \/>Promoted by the Catalan Audiovisual Cluster, it features the participation of a wide range of public and private institutions and entities that present the operation of their grants or subsidies dedicated to content, technological and business development projects.<\/h5>\n<\/div><\/section><\/p><\/div>\n<style type=\"text\/css\" data-created_by=\"avia_inline_auto\" id=\"style-css-av-8bxk79v-cf715568c6934061324feb3e5b865a6a\">\n.flex_column.av-8bxk79v-cf715568c6934061324feb3e5b865a6a{\nborder-radius:0px 0px 0px 0px;\npadding:0px 0px 0px 0px;\n}\n<\/style>\n<div  class='flex_column av-8bxk79v-cf715568c6934061324feb3e5b865a6a av_one_fifth  avia-builder-el-8  el_after_av_three_fifth  el_before_av_one_fifth  flex_column_div av-zero-column-padding  '     ><\/div>\n<style type=\"text\/css\" data-created_by=\"avia_inline_auto\" id=\"style-css-av-7xud10z-c026e59eee0c93c08757e7bc5ee75453\">\n.flex_column.av-7xud10z-c026e59eee0c93c08757e7bc5ee75453{\nborder-radius:0px 0px 0px 0px;\npadding:0px 0px 0px 0px;\n}\n<\/style>\n<div  class='flex_column av-7xud10z-c026e59eee0c93c08757e7bc5ee75453 av_one_fifth  avia-builder-el-9  el_after_av_one_fifth  el_before_av_three_fifth  first flex_column_div av-zero-column-padding  column-top-margin'     ><\/div>\n<style type=\"text\/css\" data-created_by=\"avia_inline_auto\" id=\"style-css-av-7t3sc7n-aa57bfc77a4c7ebcb53e2f7b301f07cb\">\n.flex_column.av-7t3sc7n-aa57bfc77a4c7ebcb53e2f7b301f07cb{\nborder-radius:0px 0px 0px 0px;\npadding:0px 0px 0px 0px;\n}\n<\/style>\n<div  class='flex_column av-7t3sc7n-aa57bfc77a4c7ebcb53e2f7b301f07cb av_three_fifth  avia-builder-el-10  el_after_av_one_fifth  el_before_av_one_fifth  flex_column_div av-zero-column-padding  column-top-margin'     ><section  class='av_textblock_section av-7a0s99v-eac3a55f198909eb0978b31e691cf13b '   itemscope=\"itemscope\" itemtype=\"https:\/\/schema.org\/CreativeWork\" ><div class='avia_textblock'  itemprop=\"text\" ><h3 style=\"text-align: center;\"><span style=\"color: #0200e7;\">2nd EDITION \u00b7 SEPTEMBER 17 2025<br \/>\n<\/span><\/h3>\n<\/div><\/section><br \/>\n\n<style type=\"text\/css\" data-created_by=\"avia_inline_auto\" id=\"style-css-av-6h92lbn-3a788a6e807b0c8855aed45e9e7c92fa\">\n#top .hr.hr-invisible.av-6h92lbn-3a788a6e807b0c8855aed45e9e7c92fa{\nheight:20px;\n}\n<\/style>\n<div  class='hr av-6h92lbn-3a788a6e807b0c8855aed45e9e7c92fa hr-invisible  avia-builder-el-12  el_after_av_textblock  el_before_av_textblock '><span class='hr-inner '><span class=\"hr-inner-style\"><\/span><\/span><\/div><br \/>\n<section  class='av_textblock_section av-6de65w3-0e636db45b7b99d18bb9e4327f7d74c7 '   itemscope=\"itemscope\" itemtype=\"https:\/\/schema.org\/CreativeWork\" ><div class='avia_textblock'  itemprop=\"text\" ><h5 style=\"text-align: center;\">With:<\/h5>\n<h5 style=\"text-align: center;\"><br class=\"avia-permanent-lb\" \/>Spain Audiovisual Hub, ENISA, ICF, ICO, CDTI, SETT, ICEC, European Parliament, ACCI\u00d3, ICAA, CESCE, ICEX, CREA-SGR, Barcelona Activa, Triodos Bank, Direcci\u00f3 General d\u2019Innovaci\u00f3 i Cultural Digital, Direcci\u00f3 General de Pol\u00edtica Ling\u00fc\u00edstica en els \u00c0mbits Tecnologic i Audiovisual, EIT Culture &amp; Creativity and Film Financing Market.<\/h5>\n<\/div><\/section><\/p><\/div>\n<style type=\"text\/css\" data-created_by=\"avia_inline_auto\" id=\"style-css-av-5t6oltf-086d03a95f5f7449af8550edc827a266\">\n.flex_column.av-5t6oltf-086d03a95f5f7449af8550edc827a266{\nborder-radius:0px 0px 0px 0px;\npadding:0px 0px 0px 0px;\n}\n<\/style>\n<div  class='flex_column av-5t6oltf-086d03a95f5f7449af8550edc827a266 av_one_fifth  avia-builder-el-14  el_after_av_three_fifth  avia-builder-el-last  flex_column_div av-zero-column-padding  column-top-margin'     ><\/div><\/div><\/div><\/main><!-- close content main element --><\/div><\/div>\n<style type=\"text\/css\" data-created_by=\"avia_inline_auto\" id=\"style-css-av-567y377-5d5d8b1ae921cacabc6af68e8f883c0f\">\n.avia-section.av-567y377-5d5d8b1ae921cacabc6af68e8f883c0f{\nbackground-color:#0310b0;\nbackground-image:unset;\n}\n<\/style>\n<div id='av_section_2'  class='avia-section av-567y377-5d5d8b1ae921cacabc6af68e8f883c0f main_color avia-section-default avia-no-border-styling  avia-builder-el-15  el_after_av_section  avia-builder-el-last  avia-bg-style-scroll container_wrap fullsize'  ><div class='container av-section-cont-open' ><div class='template-page content av-content-full alpha units'><div class='post-entry post-entry-type-page post-entry-56499'><div class='entry-content-wrapper clearfix'>\n<div  class='flex_column av-4yu66r7-aafc7d57b4a958715104ae8663152a10 av_one_half  avia-builder-el-16  el_before_av_one_half  avia-builder-el-first  first flex_column_div  '     ><section  class='av_textblock_section av-481ue8j-83b75b724504142c3da6d9bd84ac72b1 '   itemscope=\"itemscope\" itemtype=\"https:\/\/schema.org\/CreativeWork\" ><div class='avia_textblock'  itemprop=\"text\" ><h3 style=\"text-align: center;\"><span style=\"color: #ffffff;\">2025 EDITION<br \/>\n<\/span><\/h3>\n<\/div><\/section><br \/>\n\n<style type=\"text\/css\" data-created_by=\"avia_inline_auto\" id=\"style-css-av-422bh8z-4fb510eab7f69a3b1ce2597078990571\">\n#top .hr.hr-invisible.av-422bh8z-4fb510eab7f69a3b1ce2597078990571{\nheight:20px;\n}\n<\/style>\n<div  class='hr av-422bh8z-4fb510eab7f69a3b1ce2597078990571 hr-invisible  avia-builder-el-18  el_after_av_textblock  el_before_av_video '><span class='hr-inner '><span class=\"hr-inner-style\"><\/span><\/span><\/div><br \/>\n<div  class='avia-video av-3kplc6r-06806e0888a9e0f930e35557930002f8 avia-video-16-9 av-no-preview-image avia-video-load-always av-lazyload-immediate av-lazyload-video-embed'  itemprop=\"video\" itemtype=\"https:\/\/schema.org\/VideoObject\"  data-original_url='https:\/\/youtu.be\/pWP_she5WGE'><script type='text\/html' class='av-video-tmpl'><div class='avia-iframe-wrap'><iframe loading=\"lazy\" title=\"Financial Day de l&#039;Audiovisual 2025\" width=\"1500\" height=\"844\" src=\"https:\/\/www.youtube.com\/embed\/pWP_she5WGE?feature=oembed&autoplay=0&loop=0&controls=1&mute=0\" frameborder=\"0\" allow=\"accelerometer; autoplay; clipboard-write; encrypted-media; gyroscope; picture-in-picture; web-share\" referrerpolicy=\"strict-origin-when-cross-origin\" allowfullscreen><\/iframe><\/div><\/script><div class='av-click-to-play-overlay'><div class=\"avia_playpause_icon\"><\/div><\/div><\/div><br \/>\n<div  class='avia-button-wrap av-2xixr83-cc9108211861d1beb077444c35b48562-wrap avia-button-center  avia-builder-el-20  el_after_av_video  avia-builder-el-last '>\n<style type=\"text\/css\" data-created_by=\"avia_inline_auto\" id=\"style-css-av-2xixr83-cc9108211861d1beb077444c35b48562\">\n#top #wrap_all .avia-button.av-2xixr83-cc9108211861d1beb077444c35b48562{\nbackground-color:#ffffff;\nborder-color:#ffffff;\ncolor:#0310b0;\ntransition:all 0.4s ease-in-out;\n}\n#top #wrap_all .avia-button.av-2xixr83-cc9108211861d1beb077444c35b48562:hover{\nbackground-color:#0310b0;\ncolor:#ffffff;\ntransition:all 0.4s ease-in-out;\n}\n#top #wrap_all .avia-button.av-2xixr83-cc9108211861d1beb077444c35b48562 .avia-svg-icon svg:first-child{\nfill:#0310b0;\nstroke:#0310b0;\n}\n#top #wrap_all .avia-button.av-2xixr83-cc9108211861d1beb077444c35b48562:hover .avia-svg-icon svg:first-child{\nfill:#ffffff;\nstroke:#ffffff;\n}\n<\/style>\n<a href='https:\/\/www.clusteraudiovisual.cat\/una-vintena-dinstitucions-presenten-els-seus-ajuts-a-la-segona-edicio-del-financial-day-de-laudiovisual\/'  class='avia-button av-2xixr83-cc9108211861d1beb077444c35b48562 av-link-btn avia-icon_select-no avia-size-x-large avia-position-center'  target=\"_blank\"  rel=\"noopener noreferrer\"  aria-label=\"CHECK OUT THE SUMMARY\"><span class='avia_iconbox_title' >CHECK OUT THE SUMMARY<\/span><\/a><\/div><\/p><\/div><div  class='flex_column av-2pk0ysz-e2fc80402efbf1cd09bd9a82c439d67a av_one_half  avia-builder-el-21  el_after_av_one_half  avia-builder-el-last  flex_column_div  '     ><section  class='av_textblock_section av-1wvrm5v-3693b9c42f7d668b8202d833df6149e7 '   itemscope=\"itemscope\" itemtype=\"https:\/\/schema.org\/CreativeWork\" ><div class='avia_textblock'  itemprop=\"text\" ><h3 style=\"text-align: center;\"><span style=\"color: #ffffff;\">2024 EDITION<br \/>\n<\/span><\/h3>\n<\/div><\/section><br \/>\n\n<style type=\"text\/css\" data-created_by=\"avia_inline_auto\" id=\"style-css-av-1ntfxhv-88a28d81fdbe7b5e1b4a92bd6938e8af\">\n#top .hr.hr-invisible.av-1ntfxhv-88a28d81fdbe7b5e1b4a92bd6938e8af{\nheight:20px;\n}\n<\/style>\n<div  class='hr av-1ntfxhv-88a28d81fdbe7b5e1b4a92bd6938e8af hr-invisible  avia-builder-el-23  el_after_av_textblock  el_before_av_video '><span class='hr-inner '><span class=\"hr-inner-style\"><\/span><\/span><\/div><br \/>\n<div  class='avia-video av-13vf5xv-b57d84e63d5b4bd812422fcbbb5bb39b avia-video-16-9 av-no-preview-image avia-video-load-always av-lazyload-immediate av-lazyload-video-embed'  itemprop=\"video\" itemtype=\"https:\/\/schema.org\/VideoObject\"  data-original_url='https:\/\/youtu.be\/Nbh4JEsCvb8'><script type='text\/html' class='av-video-tmpl'><div class='avia-iframe-wrap'><iframe loading=\"lazy\" title=\"Financial Day de l&#039;Audiovisual 2024\" width=\"1500\" height=\"844\" src=\"https:\/\/www.youtube.com\/embed\/Nbh4JEsCvb8?feature=oembed&autoplay=0&loop=0&controls=1&mute=0\" frameborder=\"0\" allow=\"accelerometer; autoplay; clipboard-write; encrypted-media; gyroscope; picture-in-picture; web-share\" referrerpolicy=\"strict-origin-when-cross-origin\" allowfullscreen><\/iframe><\/div><\/script><div class='av-click-to-play-overlay'><div class=\"avia_playpause_icon\"><\/div><\/div><\/div><br \/>\n<div  class='avia-button-wrap av-ud2x3n-11117548700d000f1a9d51ba2c551802-wrap avia-button-center  avia-builder-el-25  el_after_av_video  avia-builder-el-last '>\n<style type=\"text\/css\" data-created_by=\"avia_inline_auto\" id=\"style-css-av-ud2x3n-11117548700d000f1a9d51ba2c551802\">\n#top #wrap_all .avia-button.av-ud2x3n-11117548700d000f1a9d51ba2c551802{\nbackground-color:#ffffff;\nborder-color:#ffffff;\ncolor:#0310b0;\ntransition:all 0.4s ease-in-out;\n}\n#top #wrap_all .avia-button.av-ud2x3n-11117548700d000f1a9d51ba2c551802:hover{\nbackground-color:#0310b0;\ncolor:#ffffff;\ntransition:all 0.4s ease-in-out;\n}\n#top #wrap_all .avia-button.av-ud2x3n-11117548700d000f1a9d51ba2c551802 .avia-svg-icon svg:first-child{\nfill:#0310b0;\nstroke:#0310b0;\n}\n#top #wrap_all .avia-button.av-ud2x3n-11117548700d000f1a9d51ba2c551802:hover .avia-svg-icon svg:first-child{\nfill:#ffffff;\nstroke:#ffffff;\n}\n<\/style>\n<a href='https:\/\/www.clusteraudiovisual.cat\/celebrem-la-primera-edicio-del-financial-day-de-laudiovisual\/'  class='avia-button av-ud2x3n-11117548700d000f1a9d51ba2c551802 av-link-btn avia-icon_select-no avia-size-x-large avia-position-center'  target=\"_blank\"  rel=\"noopener noreferrer\"  aria-label=\"CHECK OUT THE SUMMARY\"><span class='avia_iconbox_title' >CHECK OUT THE SUMMARY<\/span><\/a><\/div><\/p><\/div><\/p>\n","protected":false},"excerpt":{"rendered":"","protected":false},"author":10,"featured_media":0,"parent":0,"menu_order":0,"comment_status":"closed","ping_status":"closed","template":"","meta":{"_acf_changed":false,"footnotes":""},"class_list":["post-56499","page","type-page","status-publish","hentry"],"acf":[],"yoast_head":"<!-- This site is optimized with the Yoast SEO plugin v27.0 - https:\/\/yoast.com\/product\/yoast-seo-wordpress\/ -->\n<title>Audiovisual Financial Day - Cl\u00faster Audiovisual<\/title>\n<meta name=\"robots\" content=\"index, follow, max-snippet:-1, max-image-preview:large, max-video-preview:-1\" \/>\n<link rel=\"canonical\" href=\"https:\/\/www.clusteraudiovisual.cat\/en\/financial-day\/\" \/>\n<meta property=\"og:locale\" content=\"en_US\" \/>\n<meta property=\"og:type\" content=\"article\" \/>\n<meta property=\"og:title\" content=\"Audiovisual Financial Day - Cl\u00faster Audiovisual\" \/>\n<meta property=\"og:url\" content=\"https:\/\/www.clusteraudiovisual.cat\/en\/financial-day\/\" \/>\n<meta property=\"og:site_name\" content=\"Cl\u00faster Audiovisual\" \/>\n<meta property=\"article:modified_time\" content=\"2026-04-30T09:11:44+00:00\" \/>\n<meta name=\"twitter:card\" content=\"summary_large_image\" \/>\n<meta name=\"twitter:label1\" content=\"Est. reading time\" \/>\n\t<meta name=\"twitter:data1\" content=\"1 minute\" \/>\n<script type=\"application\/ld+json\" class=\"yoast-schema-graph\">{\"@context\":\"https:\/\/schema.org\",\"@graph\":[{\"@type\":\"WebPage\",\"@id\":\"https:\/\/www.clusteraudiovisual.cat\/en\/financial-day\/\",\"url\":\"https:\/\/www.clusteraudiovisual.cat\/en\/financial-day\/\",\"name\":\"Audiovisual Financial Day - Cl\u00faster Audiovisual\",\"isPartOf\":{\"@id\":\"https:\/\/www.clusteraudiovisual.cat\/en\/#website\"},\"datePublished\":\"2026-04-30T09:11:41+00:00\",\"dateModified\":\"2026-04-30T09:11:44+00:00\",\"inLanguage\":\"en-US\",\"potentialAction\":[{\"@type\":\"ReadAction\",\"target\":[\"https:\/\/www.clusteraudiovisual.cat\/en\/financial-day\/\"]}]},{\"@type\":\"WebSite\",\"@id\":\"https:\/\/www.clusteraudiovisual.cat\/en\/#website\",\"url\":\"https:\/\/www.clusteraudiovisual.cat\/en\/\",\"name\":\"Cl\u00faster Audiovisual\",\"description\":\"Associaci\u00f3 d&#039;empreses que integren el sector audiovisual.\",\"potentialAction\":[{\"@type\":\"SearchAction\",\"target\":{\"@type\":\"EntryPoint\",\"urlTemplate\":\"https:\/\/www.clusteraudiovisual.cat\/en\/?s={search_term_string}\"},\"query-input\":{\"@type\":\"PropertyValueSpecification\",\"valueRequired\":true,\"valueName\":\"search_term_string\"}}],\"inLanguage\":\"en-US\"}]}<\/script>\n<!-- \/ Yoast SEO plugin. -->","yoast_head_json":{"title":"Audiovisual Financial Day - Cl\u00faster Audiovisual","robots":{"index":"index","follow":"follow","max-snippet":"max-snippet:-1","max-image-preview":"max-image-preview:large","max-video-preview":"max-video-preview:-1"},"canonical":"https:\/\/www.clusteraudiovisual.cat\/en\/financial-day\/","og_locale":"en_US","og_type":"article","og_title":"Audiovisual Financial Day - Cl\u00faster Audiovisual","og_url":"https:\/\/www.clusteraudiovisual.cat\/en\/financial-day\/","og_site_name":"Cl\u00faster Audiovisual","article_modified_time":"2026-04-30T09:11:44+00:00","twitter_card":"summary_large_image","twitter_misc":{"Est. reading time":"1 minute"},"schema":{"@context":"https:\/\/schema.org","@graph":[{"@type":"WebPage","@id":"https:\/\/www.clusteraudiovisual.cat\/en\/financial-day\/","url":"https:\/\/www.clusteraudiovisual.cat\/en\/financial-day\/","name":"Audiovisual Financial Day - Cl\u00faster Audiovisual","isPartOf":{"@id":"https:\/\/www.clusteraudiovisual.cat\/en\/#website"},"datePublished":"2026-04-30T09:11:41+00:00","dateModified":"2026-04-30T09:11:44+00:00","inLanguage":"en-US","potentialAction":[{"@type":"ReadAction","target":["https:\/\/www.clusteraudiovisual.cat\/en\/financial-day\/"]}]},{"@type":"WebSite","@id":"https:\/\/www.clusteraudiovisual.cat\/en\/#website","url":"https:\/\/www.clusteraudiovisual.cat\/en\/","name":"Cl\u00faster Audiovisual","description":"Associaci\u00f3 d&#039;empreses que integren el sector audiovisual.","potentialAction":[{"@type":"SearchAction","target":{"@type":"EntryPoint","urlTemplate":"https:\/\/www.clusteraudiovisual.cat\/en\/?s={search_term_string}"},"query-input":{"@type":"PropertyValueSpecification","valueRequired":true,"valueName":"search_term_string"}}],"inLanguage":"en-US"}]}},"_links":{"self":[{"href":"https:\/\/www.clusteraudiovisual.cat\/en\/wp-json\/wp\/v2\/pages\/56499","targetHints":{"allow":["GET"]}}],"collection":[{"href":"https:\/\/www.clusteraudiovisual.cat\/en\/wp-json\/wp\/v2\/pages"}],"about":[{"href":"https:\/\/www.clusteraudiovisual.cat\/en\/wp-json\/wp\/v2\/types\/page"}],"author":[{"embeddable":true,"href":"https:\/\/www.clusteraudiovisual.cat\/en\/wp-json\/wp\/v2\/users\/10"}],"replies":[{"embeddable":true,"href":"https:\/\/www.clusteraudiovisual.cat\/en\/wp-json\/wp\/v2\/comments?post=56499"}],"version-history":[{"count":5,"href":"https:\/\/www.clusteraudiovisual.cat\/en\/wp-json\/wp\/v2\/pages\/56499\/revisions"}],"predecessor-version":[{"id":56531,"href":"https:\/\/www.clusteraudiovisual.cat\/en\/wp-json\/wp\/v2\/pages\/56499\/revisions\/56531"}],"wp:attachment":[{"href":"https:\/\/www.clusteraudiovisual.cat\/en\/wp-json\/wp\/v2\/media?parent=56499"}],"curies":[{"name":"wp","href":"https:\/\/api.w.org\/{rel}","templated":true}]}}